{"id":463,"date":"2016-05-29T19:23:52","date_gmt":"2016-05-29T19:23:52","guid":{"rendered":"http:\/\/www.villaorh-istria.com\/hr\/?page_id=463"},"modified":"2022-05-18T18:46:57","modified_gmt":"2022-05-18T16:46:57","slug":"pocetna","status":"publish","type":"page","link":"https:\/\/www.villaorh-istria.com\/hr\/","title":{"rendered":"Po\u010detna"},"content":{"rendered":"<p>[et_pb_section fb_built=&#8221;1&#8243; custom_padding_last_edited=&#8221;on|desktop&#8221; admin_label=&#8221;section&#8221; module_class=&#8221;home&#8221; _builder_version=&#8221;4.16&#8243; background_color=&#8221;#ffffff&#8221; background_image=&#8221;https:\/\/www.villaorh-istria.com\/wp-content\/uploads\/2016\/05\/Villa-Orh-Rovinj-homepage.jpg&#8221; custom_padding_tablet=&#8221;50px|0|50px|0&#8243; custom_padding_phone=&#8221;&#8221; transparent_background=&#8221;off&#8221; padding_mobile=&#8221;off&#8221; global_colors_info=&#8221;{}&#8221;][et_pb_row use_custom_gutter=&#8221;on&#8221; gutter_width=&#8221;4&#8243; padding_mobile=&#8221;off&#8221; column_padding_mobile=&#8221;on&#8221; admin_label=&#8221;row&#8221; _builder_version=&#8221;4.16&#8243; background_size=&#8221;initial&#8221; background_position=&#8221;top_left&#8221; background_repeat=&#8221;repeat&#8221; custom_margin=&#8221;-150px|||&#8221; global_colors_info=&#8221;{}&#8221;][et_pb_column type=&#8221;4_4&#8243; _builder_version=&#8221;4.16&#8243; custom_padding=&#8221;|||&#8221; global_colors_info=&#8221;{}&#8221; custom_padding__hover=&#8221;|||&#8221;][et_pb_blurb url=&#8221;https:\/\/www.villaorh-istria.com\/hr\/vila-orh\/&#8221; image=&#8221;https:\/\/www.villaorh-istria.com\/wp-content\/uploads\/2016\/05\/Villa-Orh-Rovinj.png&#8221; _builder_version=&#8221;4.16&#8243; background_size=&#8221;initial&#8221; background_position=&#8221;top_left&#8221; background_repeat=&#8221;repeat&#8221; use_border_color=&#8221;off&#8221; border_color=&#8221;#ffffff&#8221; border_style=&#8221;solid&#8221; global_colors_info=&#8221;{}&#8221;][\/et_pb_blurb][\/et_pb_column][\/et_pb_row][\/et_pb_section]<\/p>\n","protected":false},"excerpt":{"rendered":"","protected":false},"author":2,"featured_media":464,"parent":0,"menu_order":0,"comment_status":"closed","ping_status":"closed","template":"","meta":{"_et_pb_use_builder":"on","_et_pb_old_content":"","_et_gb_content_width":"","footnotes":""},"yoast_head":"<!-- This site is optimized with the Yoast SEO plugin v22.9 - https:\/\/yoast.com\/wordpress\/plugins\/seo\/ -->\n<title>Jedinstvene Vile u Rovinju i Pajkovi\u0107ima<\/title>\n<meta name=\"description\" content=\"Posjetite luksuzne i \u0161armantne vile u Rovinju i Pajkovi\u0107ima. Jedinstven dizajn i stil za nezaboravan boravak.\" \/>\n<meta name=\"robots\" content=\"index, follow, max-snippet:-1, max-image-preview:large, max-video-preview:-1\" \/>\n<link rel=\"canonical\" href=\"https:\/\/www.villaorh-istria.com\/\" \/>\n<meta property=\"og:locale\" content=\"hr_HR\" \/>\n<meta property=\"og:type\" content=\"article\" \/>\n<meta property=\"og:title\" content=\"Jedinstvene Vile u Rovinju i Pajkovi\u0107ima\" \/>\n<meta property=\"og:description\" content=\"Posjetite luksuzne i \u0161armantne vile u Rovinju i Pajkovi\u0107ima. Jedinstven dizajn i stil za nezaboravan boravak.\" \/>\n<meta property=\"og:url\" content=\"https:\/\/www.villaorh-istria.com\/\" \/>\n<meta property=\"og:site_name\" content=\"Villa Orh\" \/>\n<meta property=\"article:modified_time\" content=\"2022-05-18T16:46:57+00:00\" \/>\n<meta property=\"og:image\" content=\"https:\/\/www.villaorh-istria.com\/wp-content\/uploads\/2016\/05\/Villa-Orh-Rovinj-Pajkovici-Istria-Croatia-1.jpg\" \/>\n\t<meta property=\"og:image:width\" content=\"1000\" \/>\n\t<meta property=\"og:image:height\" content=\"800\" \/>\n\t<meta property=\"og:image:type\" content=\"image\/jpeg\" \/>\n<meta name=\"twitter:card\" content=\"summary_large_image\" \/>\n<meta name=\"twitter:label1\" content=\"Procijenjeno vrijeme \u010ditanja\" \/>\n\t<meta name=\"twitter:data1\" content=\"1 minuta\" \/>\n<script type=\"application\/ld+json\" class=\"yoast-schema-graph\">{\"@context\":\"https:\/\/schema.org\",\"@graph\":[{\"@type\":\"WebPage\",\"@id\":\"https:\/\/www.villaorh-istria.com\/\",\"url\":\"https:\/\/www.villaorh-istria.com\/\",\"name\":\"Jedinstvene Vile u Rovinju i Pajkovi\u0107ima\",\"isPartOf\":{\"@id\":\"https:\/\/www.villaorh-istria.com\/#website\"},\"primaryImageOfPage\":{\"@id\":\"https:\/\/www.villaorh-istria.com\/#primaryimage\"},\"image\":{\"@id\":\"https:\/\/www.villaorh-istria.com\/#primaryimage\"},\"thumbnailUrl\":\"https:\/\/www.villaorh-istria.com\/wp-content\/uploads\/2016\/05\/Villa-Orh-Rovinj-Pajkovici-Istria-Croatia-1.jpg\",\"datePublished\":\"2016-05-29T19:23:52+00:00\",\"dateModified\":\"2022-05-18T16:46:57+00:00\",\"description\":\"Posjetite luksuzne i \u0161armantne vile u Rovinju i Pajkovi\u0107ima. Jedinstven dizajn i stil za nezaboravan boravak.\",\"breadcrumb\":{\"@id\":\"https:\/\/www.villaorh-istria.com\/#breadcrumb\"},\"inLanguage\":\"hr\",\"potentialAction\":[{\"@type\":\"ReadAction\",\"target\":[\"https:\/\/www.villaorh-istria.com\/\"]}]},{\"@type\":\"ImageObject\",\"inLanguage\":\"hr\",\"@id\":\"https:\/\/www.villaorh-istria.com\/#primaryimage\",\"url\":\"https:\/\/www.villaorh-istria.com\/wp-content\/uploads\/2016\/05\/Villa-Orh-Rovinj-Pajkovici-Istria-Croatia-1.jpg\",\"contentUrl\":\"https:\/\/www.villaorh-istria.com\/wp-content\/uploads\/2016\/05\/Villa-Orh-Rovinj-Pajkovici-Istria-Croatia-1.jpg\",\"width\":1000,\"height\":800,\"caption\":\"Vila Orh Rovinj Pajkovici Istra Hrvatska\"},{\"@type\":\"BreadcrumbList\",\"@id\":\"https:\/\/www.villaorh-istria.com\/#breadcrumb\",\"itemListElement\":[{\"@type\":\"ListItem\",\"position\":1,\"name\":\"Home\",\"item\":\"https:\/\/www.villaorh-istria.com\/\"},{\"@type\":\"ListItem\",\"position\":2,\"name\":\"Po\u010detna\"}]},{\"@type\":\"WebSite\",\"@id\":\"https:\/\/www.villaorh-istria.com\/#website\",\"url\":\"https:\/\/www.villaorh-istria.com\/\",\"name\":\"Villa Orh\",\"description\":\"Luxury villa in the old town of Rovinj\",\"publisher\":{\"@id\":\"https:\/\/www.villaorh-istria.com\/#organization\"},\"potentialAction\":[{\"@type\":\"SearchAction\",\"target\":{\"@type\":\"EntryPoint\",\"urlTemplate\":\"https:\/\/www.villaorh-istria.com\/?s={search_term_string}\"},\"query-input\":\"required name=search_term_string\"}],\"inLanguage\":\"hr\"},{\"@type\":\"Organization\",\"@id\":\"https:\/\/www.villaorh-istria.com\/#organization\",\"name\":\"Villa Orh\",\"url\":\"https:\/\/www.villaorh-istria.com\/\",\"logo\":{\"@type\":\"ImageObject\",\"inLanguage\":\"hr\",\"@id\":\"https:\/\/www.villaorh-istria.com\/#\/schema\/logo\/image\/\",\"url\":\"https:\/\/www.villaorh-istria.com\/wp-content\/uploads\/2016\/05\/Villa-Orh-Rovinj.png\",\"contentUrl\":\"https:\/\/www.villaorh-istria.com\/wp-content\/uploads\/2016\/05\/Villa-Orh-Rovinj.png\",\"width\":600,\"height\":600,\"caption\":\"Villa Orh\"},\"image\":{\"@id\":\"https:\/\/www.villaorh-istria.com\/#\/schema\/logo\/image\/\"}}]}<\/script>\n<!-- \/ Yoast SEO plugin. -->","yoast_head_json":{"title":"Jedinstvene Vile u Rovinju i Pajkovi\u0107ima","description":"Posjetite luksuzne i \u0161armantne vile u Rovinju i Pajkovi\u0107ima. Jedinstven dizajn i stil za nezaboravan boravak.","robots":{"index":"index","follow":"follow","max-snippet":"max-snippet:-1","max-image-preview":"max-image-preview:large","max-video-preview":"max-video-preview:-1"},"canonical":"https:\/\/www.villaorh-istria.com\/","og_locale":"hr_HR","og_type":"article","og_title":"Jedinstvene Vile u Rovinju i Pajkovi\u0107ima","og_description":"Posjetite luksuzne i \u0161armantne vile u Rovinju i Pajkovi\u0107ima. Jedinstven dizajn i stil za nezaboravan boravak.","og_url":"https:\/\/www.villaorh-istria.com\/","og_site_name":"Villa Orh","article_modified_time":"2022-05-18T16:46:57+00:00","og_image":[{"width":1000,"height":800,"url":"https:\/\/www.villaorh-istria.com\/wp-content\/uploads\/2016\/05\/Villa-Orh-Rovinj-Pajkovici-Istria-Croatia-1.jpg","type":"image\/jpeg"}],"twitter_card":"summary_large_image","twitter_misc":{"Procijenjeno vrijeme \u010ditanja":"1 minuta"},"schema":{"@context":"https:\/\/schema.org","@graph":[{"@type":"WebPage","@id":"https:\/\/www.villaorh-istria.com\/","url":"https:\/\/www.villaorh-istria.com\/","name":"Jedinstvene Vile u Rovinju i Pajkovi\u0107ima","isPartOf":{"@id":"https:\/\/www.villaorh-istria.com\/#website"},"primaryImageOfPage":{"@id":"https:\/\/www.villaorh-istria.com\/#primaryimage"},"image":{"@id":"https:\/\/www.villaorh-istria.com\/#primaryimage"},"thumbnailUrl":"https:\/\/www.villaorh-istria.com\/wp-content\/uploads\/2016\/05\/Villa-Orh-Rovinj-Pajkovici-Istria-Croatia-1.jpg","datePublished":"2016-05-29T19:23:52+00:00","dateModified":"2022-05-18T16:46:57+00:00","description":"Posjetite luksuzne i \u0161armantne vile u Rovinju i Pajkovi\u0107ima. Jedinstven dizajn i stil za nezaboravan boravak.","breadcrumb":{"@id":"https:\/\/www.villaorh-istria.com\/#breadcrumb"},"inLanguage":"hr","potentialAction":[{"@type":"ReadAction","target":["https:\/\/www.villaorh-istria.com\/"]}]},{"@type":"ImageObject","inLanguage":"hr","@id":"https:\/\/www.villaorh-istria.com\/#primaryimage","url":"https:\/\/www.villaorh-istria.com\/wp-content\/uploads\/2016\/05\/Villa-Orh-Rovinj-Pajkovici-Istria-Croatia-1.jpg","contentUrl":"https:\/\/www.villaorh-istria.com\/wp-content\/uploads\/2016\/05\/Villa-Orh-Rovinj-Pajkovici-Istria-Croatia-1.jpg","width":1000,"height":800,"caption":"Vila Orh Rovinj Pajkovici Istra Hrvatska"},{"@type":"BreadcrumbList","@id":"https:\/\/www.villaorh-istria.com\/#breadcrumb","itemListElement":[{"@type":"ListItem","position":1,"name":"Home","item":"https:\/\/www.villaorh-istria.com\/"},{"@type":"ListItem","position":2,"name":"Po\u010detna"}]},{"@type":"WebSite","@id":"https:\/\/www.villaorh-istria.com\/#website","url":"https:\/\/www.villaorh-istria.com\/","name":"Villa Orh","description":"Luxury villa in the old town of Rovinj","publisher":{"@id":"https:\/\/www.villaorh-istria.com\/#organization"},"potentialAction":[{"@type":"SearchAction","target":{"@type":"EntryPoint","urlTemplate":"https:\/\/www.villaorh-istria.com\/?s={search_term_string}"},"query-input":"required name=search_term_string"}],"inLanguage":"hr"},{"@type":"Organization","@id":"https:\/\/www.villaorh-istria.com\/#organization","name":"Villa Orh","url":"https:\/\/www.villaorh-istria.com\/","logo":{"@type":"ImageObject","inLanguage":"hr","@id":"https:\/\/www.villaorh-istria.com\/#\/schema\/logo\/image\/","url":"https:\/\/www.villaorh-istria.com\/wp-content\/uploads\/2016\/05\/Villa-Orh-Rovinj.png","contentUrl":"https:\/\/www.villaorh-istria.com\/wp-content\/uploads\/2016\/05\/Villa-Orh-Rovinj.png","width":600,"height":600,"caption":"Villa Orh"},"image":{"@id":"https:\/\/www.villaorh-istria.com\/#\/schema\/logo\/image\/"}}]}},"_links":{"self":[{"href":"https:\/\/www.villaorh-istria.com\/hr\/wp-json\/wp\/v2\/pages\/463"}],"collection":[{"href":"https:\/\/www.villaorh-istria.com\/hr\/wp-json\/wp\/v2\/pages"}],"about":[{"href":"https:\/\/www.villaorh-istria.com\/hr\/wp-json\/wp\/v2\/types\/page"}],"author":[{"embeddable":true,"href":"https:\/\/www.villaorh-istria.com\/hr\/wp-json\/wp\/v2\/users\/2"}],"replies":[{"embeddable":true,"href":"https:\/\/www.villaorh-istria.com\/hr\/wp-json\/wp\/v2\/comments?post=463"}],"version-history":[{"count":5,"href":"https:\/\/www.villaorh-istria.com\/hr\/wp-json\/wp\/v2\/pages\/463\/revisions"}],"predecessor-version":[{"id":2533,"href":"https:\/\/www.villaorh-istria.com\/hr\/wp-json\/wp\/v2\/pages\/463\/revisions\/2533"}],"wp:featuredmedia":[{"embeddable":true,"href":"https:\/\/www.villaorh-istria.com\/hr\/wp-json\/wp\/v2\/media\/464"}],"wp:attachment":[{"href":"https:\/\/www.villaorh-istria.com\/hr\/wp-json\/wp\/v2\/media?parent=463"}],"curies":[{"name":"wp","href":"https:\/\/api.w.org\/{rel}","templated":true}]}}