{"id":469,"date":"2016-05-29T19:26:27","date_gmt":"2016-05-29T19:26:27","guid":{"rendered":"http:\/\/www.villaorh-istria.com\/de\/?page_id=469"},"modified":"2022-05-18T18:47:26","modified_gmt":"2022-05-18T16:47:26","slug":"startseite","status":"publish","type":"page","link":"https:\/\/www.villaorh-istria.com\/de\/","title":{"rendered":"Startseite"},"content":{"rendered":"<p>[et_pb_section fb_built=&#8220;1&#8243; custom_padding_last_edited=&#8220;on|desktop&#8220; admin_label=&#8220;section&#8220; module_class=&#8220;home&#8220; _builder_version=&#8220;4.16&#8243; background_color=&#8220;#ffffff&#8220; background_image=&#8220;https:\/\/www.villaorh-istria.com\/wp-content\/uploads\/2016\/05\/Villa-Orh-Rovinj-homepage.jpg&#8220; custom_padding_tablet=&#8220;50px|0|50px|0&#8243; custom_padding_phone=&#8220;&#8220; transparent_background=&#8220;off&#8220; padding_mobile=&#8220;off&#8220; global_colors_info=&#8220;{}&#8220;][et_pb_row use_custom_gutter=&#8220;on&#8220; gutter_width=&#8220;4&#8243; padding_mobile=&#8220;off&#8220; column_padding_mobile=&#8220;on&#8220; admin_label=&#8220;row&#8220; _builder_version=&#8220;4.16&#8243; background_size=&#8220;initial&#8220; background_position=&#8220;top_left&#8220; background_repeat=&#8220;repeat&#8220; custom_margin=&#8220;-150px|||&#8220; global_colors_info=&#8220;{}&#8220;][et_pb_column type=&#8220;4_4&#8243; _builder_version=&#8220;4.16&#8243; custom_padding=&#8220;|||&#8220; global_colors_info=&#8220;{}&#8220; custom_padding__hover=&#8220;|||&#8220;][et_pb_blurb url=&#8220;https:\/\/www.villaorh-istria.com\/de\/villa-orh\/&#8220; image=&#8220;https:\/\/www.villaorh-istria.com\/wp-content\/uploads\/2016\/05\/Villa-Orh-Rovinj.png&#8220; _builder_version=&#8220;4.16&#8243; background_size=&#8220;initial&#8220; background_position=&#8220;top_left&#8220; background_repeat=&#8220;repeat&#8220; use_border_color=&#8220;off&#8220; border_color=&#8220;#ffffff&#8220; border_style=&#8220;solid&#8220; global_colors_info=&#8220;{}&#8220;][\/et_pb_blurb][\/et_pb_column][\/et_pb_row][\/et_pb_section]<\/p>\n","protected":false},"excerpt":{"rendered":"","protected":false},"author":2,"featured_media":470,"parent":0,"menu_order":0,"comment_status":"closed","ping_status":"closed","template":"","meta":{"_et_pb_use_builder":"on","_et_pb_old_content":"","_et_gb_content_width":"","footnotes":""},"yoast_head":"<!-- This site is optimized with the Yoast SEO plugin v22.9 - https:\/\/yoast.com\/wordpress\/plugins\/seo\/ -->\n<title>Einzigartige Villen und Rovinj und Pajkovi\u0107i<\/title>\n<meta name=\"description\" content=\"Besuchen Sie Luxus und bezaubernden Villen in Rovinj und Pajkovi\u0107i. Einzigartiges Design und Stil f\u00fcr einen unvergesslichen Aufenthalt.\" \/>\n<meta name=\"robots\" content=\"index, follow, max-snippet:-1, max-image-preview:large, max-video-preview:-1\" \/>\n<link rel=\"canonical\" href=\"https:\/\/www.villaorh-istria.com\/\" \/>\n<meta property=\"og:locale\" content=\"de_DE\" \/>\n<meta property=\"og:type\" content=\"article\" \/>\n<meta property=\"og:title\" content=\"Einzigartige Villen und Rovinj und Pajkovi\u0107i\" \/>\n<meta property=\"og:description\" content=\"Besuchen Sie Luxus und bezaubernden Villen in Rovinj und Pajkovi\u0107i. Einzigartiges Design und Stil f\u00fcr einen unvergesslichen Aufenthalt.\" \/>\n<meta property=\"og:url\" content=\"https:\/\/www.villaorh-istria.com\/\" \/>\n<meta property=\"og:site_name\" content=\"Villa Orh\" \/>\n<meta property=\"article:modified_time\" content=\"2022-05-18T16:47:26+00:00\" \/>\n<meta property=\"og:image\" content=\"https:\/\/www.villaorh-istria.com\/wp-content\/uploads\/2016\/05\/Villa-Orh-Rovinj-Pajkovici-Istria-Croatia-3.jpg\" \/>\n\t<meta property=\"og:image:width\" content=\"1000\" \/>\n\t<meta property=\"og:image:height\" content=\"800\" \/>\n\t<meta property=\"og:image:type\" content=\"image\/jpeg\" \/>\n<meta name=\"twitter:card\" content=\"summary_large_image\" \/>\n<meta name=\"twitter:label1\" content=\"Gesch\u00e4tzte Lesezeit\" \/>\n\t<meta name=\"twitter:data1\" content=\"1\u00a0Minute\" \/>\n<script type=\"application\/ld+json\" class=\"yoast-schema-graph\">{\"@context\":\"https:\/\/schema.org\",\"@graph\":[{\"@type\":\"WebPage\",\"@id\":\"https:\/\/www.villaorh-istria.com\/\",\"url\":\"https:\/\/www.villaorh-istria.com\/\",\"name\":\"Einzigartige Villen und Rovinj und Pajkovi\u0107i\",\"isPartOf\":{\"@id\":\"https:\/\/www.villaorh-istria.com\/#website\"},\"primaryImageOfPage\":{\"@id\":\"https:\/\/www.villaorh-istria.com\/#primaryimage\"},\"image\":{\"@id\":\"https:\/\/www.villaorh-istria.com\/#primaryimage\"},\"thumbnailUrl\":\"https:\/\/www.villaorh-istria.com\/wp-content\/uploads\/2016\/05\/Villa-Orh-Rovinj-Pajkovici-Istria-Croatia-3.jpg\",\"datePublished\":\"2016-05-29T19:26:27+00:00\",\"dateModified\":\"2022-05-18T16:47:26+00:00\",\"description\":\"Besuchen Sie Luxus und bezaubernden Villen in Rovinj und Pajkovi\u0107i. Einzigartiges Design und Stil f\u00fcr einen unvergesslichen Aufenthalt.\",\"breadcrumb\":{\"@id\":\"https:\/\/www.villaorh-istria.com\/#breadcrumb\"},\"inLanguage\":\"de\",\"potentialAction\":[{\"@type\":\"ReadAction\",\"target\":[\"https:\/\/www.villaorh-istria.com\/\"]}]},{\"@type\":\"ImageObject\",\"inLanguage\":\"de\",\"@id\":\"https:\/\/www.villaorh-istria.com\/#primaryimage\",\"url\":\"https:\/\/www.villaorh-istria.com\/wp-content\/uploads\/2016\/05\/Villa-Orh-Rovinj-Pajkovici-Istria-Croatia-3.jpg\",\"contentUrl\":\"https:\/\/www.villaorh-istria.com\/wp-content\/uploads\/2016\/05\/Villa-Orh-Rovinj-Pajkovici-Istria-Croatia-3.jpg\",\"width\":1000,\"height\":800,\"caption\":\"Villa Orh Rovinj Pajkovici Istrien Kroatien\"},{\"@type\":\"BreadcrumbList\",\"@id\":\"https:\/\/www.villaorh-istria.com\/#breadcrumb\",\"itemListElement\":[{\"@type\":\"ListItem\",\"position\":1,\"name\":\"Home\",\"item\":\"https:\/\/www.villaorh-istria.com\/\"},{\"@type\":\"ListItem\",\"position\":2,\"name\":\"Startseite\"}]},{\"@type\":\"WebSite\",\"@id\":\"https:\/\/www.villaorh-istria.com\/#website\",\"url\":\"https:\/\/www.villaorh-istria.com\/\",\"name\":\"Villa Orh\",\"description\":\"Luxury villa in the old town of Rovinj\",\"publisher\":{\"@id\":\"https:\/\/www.villaorh-istria.com\/#organization\"},\"potentialAction\":[{\"@type\":\"SearchAction\",\"target\":{\"@type\":\"EntryPoint\",\"urlTemplate\":\"https:\/\/www.villaorh-istria.com\/?s={search_term_string}\"},\"query-input\":\"required name=search_term_string\"}],\"inLanguage\":\"de\"},{\"@type\":\"Organization\",\"@id\":\"https:\/\/www.villaorh-istria.com\/#organization\",\"name\":\"Villa Orh\",\"url\":\"https:\/\/www.villaorh-istria.com\/\",\"logo\":{\"@type\":\"ImageObject\",\"inLanguage\":\"de\",\"@id\":\"https:\/\/www.villaorh-istria.com\/#\/schema\/logo\/image\/\",\"url\":\"https:\/\/www.villaorh-istria.com\/wp-content\/uploads\/2016\/05\/Villa-Orh-Rovinj.png\",\"contentUrl\":\"https:\/\/www.villaorh-istria.com\/wp-content\/uploads\/2016\/05\/Villa-Orh-Rovinj.png\",\"width\":600,\"height\":600,\"caption\":\"Villa Orh\"},\"image\":{\"@id\":\"https:\/\/www.villaorh-istria.com\/#\/schema\/logo\/image\/\"}}]}<\/script>\n<!-- \/ Yoast SEO plugin. -->","yoast_head_json":{"title":"Einzigartige Villen und Rovinj und Pajkovi\u0107i","description":"Besuchen Sie Luxus und bezaubernden Villen in Rovinj und Pajkovi\u0107i. Einzigartiges Design und Stil f\u00fcr einen unvergesslichen Aufenthalt.","robots":{"index":"index","follow":"follow","max-snippet":"max-snippet:-1","max-image-preview":"max-image-preview:large","max-video-preview":"max-video-preview:-1"},"canonical":"https:\/\/www.villaorh-istria.com\/","og_locale":"de_DE","og_type":"article","og_title":"Einzigartige Villen und Rovinj und Pajkovi\u0107i","og_description":"Besuchen Sie Luxus und bezaubernden Villen in Rovinj und Pajkovi\u0107i. Einzigartiges Design und Stil f\u00fcr einen unvergesslichen Aufenthalt.","og_url":"https:\/\/www.villaorh-istria.com\/","og_site_name":"Villa Orh","article_modified_time":"2022-05-18T16:47:26+00:00","og_image":[{"width":1000,"height":800,"url":"https:\/\/www.villaorh-istria.com\/wp-content\/uploads\/2016\/05\/Villa-Orh-Rovinj-Pajkovici-Istria-Croatia-3.jpg","type":"image\/jpeg"}],"twitter_card":"summary_large_image","twitter_misc":{"Gesch\u00e4tzte Lesezeit":"1\u00a0Minute"},"schema":{"@context":"https:\/\/schema.org","@graph":[{"@type":"WebPage","@id":"https:\/\/www.villaorh-istria.com\/","url":"https:\/\/www.villaorh-istria.com\/","name":"Einzigartige Villen und Rovinj und Pajkovi\u0107i","isPartOf":{"@id":"https:\/\/www.villaorh-istria.com\/#website"},"primaryImageOfPage":{"@id":"https:\/\/www.villaorh-istria.com\/#primaryimage"},"image":{"@id":"https:\/\/www.villaorh-istria.com\/#primaryimage"},"thumbnailUrl":"https:\/\/www.villaorh-istria.com\/wp-content\/uploads\/2016\/05\/Villa-Orh-Rovinj-Pajkovici-Istria-Croatia-3.jpg","datePublished":"2016-05-29T19:26:27+00:00","dateModified":"2022-05-18T16:47:26+00:00","description":"Besuchen Sie Luxus und bezaubernden Villen in Rovinj und Pajkovi\u0107i. Einzigartiges Design und Stil f\u00fcr einen unvergesslichen Aufenthalt.","breadcrumb":{"@id":"https:\/\/www.villaorh-istria.com\/#breadcrumb"},"inLanguage":"de","potentialAction":[{"@type":"ReadAction","target":["https:\/\/www.villaorh-istria.com\/"]}]},{"@type":"ImageObject","inLanguage":"de","@id":"https:\/\/www.villaorh-istria.com\/#primaryimage","url":"https:\/\/www.villaorh-istria.com\/wp-content\/uploads\/2016\/05\/Villa-Orh-Rovinj-Pajkovici-Istria-Croatia-3.jpg","contentUrl":"https:\/\/www.villaorh-istria.com\/wp-content\/uploads\/2016\/05\/Villa-Orh-Rovinj-Pajkovici-Istria-Croatia-3.jpg","width":1000,"height":800,"caption":"Villa Orh Rovinj Pajkovici Istrien Kroatien"},{"@type":"BreadcrumbList","@id":"https:\/\/www.villaorh-istria.com\/#breadcrumb","itemListElement":[{"@type":"ListItem","position":1,"name":"Home","item":"https:\/\/www.villaorh-istria.com\/"},{"@type":"ListItem","position":2,"name":"Startseite"}]},{"@type":"WebSite","@id":"https:\/\/www.villaorh-istria.com\/#website","url":"https:\/\/www.villaorh-istria.com\/","name":"Villa Orh","description":"Luxury villa in the old town of Rovinj","publisher":{"@id":"https:\/\/www.villaorh-istria.com\/#organization"},"potentialAction":[{"@type":"SearchAction","target":{"@type":"EntryPoint","urlTemplate":"https:\/\/www.villaorh-istria.com\/?s={search_term_string}"},"query-input":"required name=search_term_string"}],"inLanguage":"de"},{"@type":"Organization","@id":"https:\/\/www.villaorh-istria.com\/#organization","name":"Villa Orh","url":"https:\/\/www.villaorh-istria.com\/","logo":{"@type":"ImageObject","inLanguage":"de","@id":"https:\/\/www.villaorh-istria.com\/#\/schema\/logo\/image\/","url":"https:\/\/www.villaorh-istria.com\/wp-content\/uploads\/2016\/05\/Villa-Orh-Rovinj.png","contentUrl":"https:\/\/www.villaorh-istria.com\/wp-content\/uploads\/2016\/05\/Villa-Orh-Rovinj.png","width":600,"height":600,"caption":"Villa Orh"},"image":{"@id":"https:\/\/www.villaorh-istria.com\/#\/schema\/logo\/image\/"}}]}},"_links":{"self":[{"href":"https:\/\/www.villaorh-istria.com\/de\/wp-json\/wp\/v2\/pages\/469"}],"collection":[{"href":"https:\/\/www.villaorh-istria.com\/de\/wp-json\/wp\/v2\/pages"}],"about":[{"href":"https:\/\/www.villaorh-istria.com\/de\/wp-json\/wp\/v2\/types\/page"}],"author":[{"embeddable":true,"href":"https:\/\/www.villaorh-istria.com\/de\/wp-json\/wp\/v2\/users\/2"}],"replies":[{"embeddable":true,"href":"https:\/\/www.villaorh-istria.com\/de\/wp-json\/wp\/v2\/comments?post=469"}],"version-history":[{"count":5,"href":"https:\/\/www.villaorh-istria.com\/de\/wp-json\/wp\/v2\/pages\/469\/revisions"}],"predecessor-version":[{"id":2535,"href":"https:\/\/www.villaorh-istria.com\/de\/wp-json\/wp\/v2\/pages\/469\/revisions\/2535"}],"wp:featuredmedia":[{"embeddable":true,"href":"https:\/\/www.villaorh-istria.com\/de\/wp-json\/wp\/v2\/media\/470"}],"wp:attachment":[{"href":"https:\/\/www.villaorh-istria.com\/de\/wp-json\/wp\/v2\/media?parent=469"}],"curies":[{"name":"wp","href":"https:\/\/api.w.org\/{rel}","templated":true}]}}