{"id":459,"date":"2016-05-29T19:19:52","date_gmt":"2016-05-29T19:19:52","guid":{"rendered":"http:\/\/www.villaorh-istria.com\/de\/?page_id=459"},"modified":"2023-07-31T15:01:46","modified_gmt":"2023-07-31T13:01:46","slug":"kontakt","status":"publish","type":"page","link":"https:\/\/www.villaorh-istria.com\/de\/kontakt\/","title":{"rendered":"Kontakt"},"content":{"rendered":"<p>[et_pb_section fb_built=&#8220;1&#8243; custom_padding_last_edited=&#8220;on|desktop&#8220; admin_label=&#8220;section&#8220; _builder_version=&#8220;4.16&#8243; background_color=&#8220;#ffffff&#8220; background_image=&#8220;https:\/\/www.villaorh-istria.com\/wp-content\/uploads\/2016\/05\/Villa-Orh-Rovinj-background.jpg&#8220; custom_padding_tablet=&#8220;50px|0|50px|0&#8243; custom_padding_phone=&#8220;&#8220; transparent_background=&#8220;off&#8220; padding_mobile=&#8220;off&#8220; make_fullwidth=&#8220;off&#8220; use_custom_width=&#8220;off&#8220; width_unit=&#8220;on&#8220; global_colors_info=&#8220;{}&#8220;][et_pb_row column_structure=&#8220;1_2,1_2&#8243; admin_label=&#8220;row&#8220; _builder_version=&#8220;4.16&#8243; background_size=&#8220;initial&#8220; background_position=&#8220;top_left&#8220; background_repeat=&#8220;repeat&#8220; global_colors_info=&#8220;{}&#8220;][et_pb_column type=&#8220;1_2&#8243; _builder_version=&#8220;4.16&#8243; custom_padding=&#8220;|||&#8220; global_colors_info=&#8220;{}&#8220; custom_padding__hover=&#8220;|||&#8220;][et_pb_map address=&#8220;Ul. Vladimira \u0160valbe 50, 52210, Rovinj, Croatia&#8220; address_lat=&#8220;45.0840981&#8243; address_lng=&#8220;13.631683000000066&#8243; _builder_version=&#8220;4.16&#8243; global_colors_info=&#8220;{}&#8220;][et_pb_map_pin pin_address=&#8220;Ul. Vladimira \u0160valbe 50, 52210, Rovinj, Croatia&#8220; pin_address_lat=&#8220;45.0840981&#8243; pin_address_lng=&#8220;13.631683000000066&#8243; _builder_version=&#8220;4.9.7&#8243; global_colors_info=&#8220;{}&#8220;]<\/p>\n<p><span style=\"color: #000000;\">Villa Orh<\/span><\/p>\n<p>[\/et_pb_map_pin][\/et_pb_map][\/et_pb_column][et_pb_column type=&#8220;1_2&#8243; _builder_version=&#8220;4.16&#8243; custom_padding=&#8220;|||&#8220; global_colors_info=&#8220;{}&#8220; custom_padding__hover=&#8220;|||&#8220;][et_pb_contact_form use_spam_service=&#8220;on&#8220; recaptcha_list=&#8220;VILLA ORH mail-0&#8243; email=&#8220;booking@villaorh-istria.com&#8220; _builder_version=&#8220;4.19.4&#8243; _unique_id=&#8220;1fd388a7-1b65-4b58-aa6e-04c27e48fb96&#8243; form_field_background_color=&#8220;rgba(0,0,0,0.46)&#8220; form_field_text_color=&#8220;#f2efef&#8220; form_field_font_size=&#8220;20&#8243; hover_enabled=&#8220;0&#8243; form_background_color=&#8220;rgba(0,0,0,0.46)&#8220; global_colors_info=&#8220;{}&#8220; sticky_enabled=&#8220;0&#8243;][et_pb_contact_field field_id=&#8220;Name&#8220; field_title=&#8220;Name&#8220; _builder_version=&#8220;4.16&#8243; global_colors_info=&#8220;{}&#8220;][\/et_pb_contact_field][et_pb_contact_field field_id=&#8220;Email&#8220; field_title=&#8220;E-Mail-Addresse&#8220; field_type=&#8220;email&#8220; _builder_version=&#8220;4.19.4&#8243; hover_enabled=&#8220;0&#8243; global_colors_info=&#8220;{}&#8220; sticky_enabled=&#8220;0&#8243;][\/et_pb_contact_field][et_pb_contact_field field_id=&#8220;Message&#8220; field_title=&#8220;Nachricht&#8220; field_type=&#8220;text&#8220; fullwidth_field=&#8220;on&#8220; _builder_version=&#8220;4.16&#8243; global_colors_info=&#8220;{}&#8220;][\/et_pb_contact_field][et_pb_contact_field field_id=&#8220;Villa&#8220; field_title=&#8220;Villa name&#8220; _builder_version=&#8220;4.16&#8243; global_colors_info=&#8220;{}&#8220;][\/et_pb_contact_field][\/et_pb_contact_form][\/et_pb_column][\/et_pb_row][\/et_pb_section]<\/p>\n","protected":false},"excerpt":{"rendered":"<p>Villa Orh<\/p>\n","protected":false},"author":2,"featured_media":460,"parent":0,"menu_order":0,"comment_status":"closed","ping_status":"closed","template":"","meta":{"_et_pb_use_builder":"on","_et_pb_old_content":"","_et_gb_content_width":"","footnotes":""},"yoast_head":"<!-- This site is optimized with the Yoast SEO plugin v22.9 - https:\/\/yoast.com\/wordpress\/plugins\/seo\/ -->\n<title>Kontaktiere uns<\/title>\n<meta name=\"description\" content=\"Falls weitere Informationen \u00fcber Villa Orh in Rovinj und Villa Orh in Pajkovi\u0107i z\u00f6gern Sie nicht, unsere professionellen Mitarbeiter zu kontaktieren. Wir sind f\u00fcr dich da.\" \/>\n<meta name=\"robots\" content=\"index, follow, max-snippet:-1, max-image-preview:large, max-video-preview:-1\" \/>\n<link rel=\"canonical\" href=\"https:\/\/www.villaorh-istria.com\/contact\/\" \/>\n<meta property=\"og:locale\" content=\"de_DE\" \/>\n<meta property=\"og:type\" content=\"article\" \/>\n<meta property=\"og:title\" content=\"Kontaktiere uns\" \/>\n<meta property=\"og:description\" content=\"Falls weitere Informationen \u00fcber Villa Orh in Rovinj und Villa Orh in Pajkovi\u0107i z\u00f6gern Sie nicht, unsere professionellen Mitarbeiter zu kontaktieren. Wir sind f\u00fcr dich da.\" \/>\n<meta property=\"og:url\" content=\"https:\/\/www.villaorh-istria.com\/contact\/\" \/>\n<meta property=\"og:site_name\" content=\"Villa Orh\" \/>\n<meta property=\"article:modified_time\" content=\"2023-07-31T13:01:46+00:00\" \/>\n<meta property=\"og:image\" content=\"https:\/\/www.villaorh-istria.com\/wp-content\/uploads\/2016\/05\/Villa-Orh-Rovinj-Croatia-constact-us-3.jpg\" \/>\n\t<meta property=\"og:image:width\" content=\"1000\" \/>\n\t<meta property=\"og:image:height\" content=\"800\" \/>\n\t<meta property=\"og:image:type\" content=\"image\/jpeg\" \/>\n<meta name=\"twitter:card\" content=\"summary_large_image\" \/>\n<meta name=\"twitter:label1\" content=\"Gesch\u00e4tzte Lesezeit\" \/>\n\t<meta name=\"twitter:data1\" content=\"2\u00a0Minuten\" \/>\n<script type=\"application\/ld+json\" class=\"yoast-schema-graph\">{\"@context\":\"https:\/\/schema.org\",\"@graph\":[{\"@type\":\"WebPage\",\"@id\":\"https:\/\/www.villaorh-istria.com\/contact\/\",\"url\":\"https:\/\/www.villaorh-istria.com\/contact\/\",\"name\":\"Kontaktiere uns\",\"isPartOf\":{\"@id\":\"https:\/\/www.villaorh-istria.com\/#website\"},\"primaryImageOfPage\":{\"@id\":\"https:\/\/www.villaorh-istria.com\/contact\/#primaryimage\"},\"image\":{\"@id\":\"https:\/\/www.villaorh-istria.com\/contact\/#primaryimage\"},\"thumbnailUrl\":\"https:\/\/www.villaorh-istria.com\/wp-content\/uploads\/2016\/05\/Villa-Orh-Rovinj-Croatia-constact-us-3.jpg\",\"datePublished\":\"2016-05-29T19:19:52+00:00\",\"dateModified\":\"2023-07-31T13:01:46+00:00\",\"description\":\"Falls weitere Informationen \u00fcber Villa Orh in Rovinj und Villa Orh in Pajkovi\u0107i z\u00f6gern Sie nicht, unsere professionellen Mitarbeiter zu kontaktieren. Wir sind f\u00fcr dich da.\",\"breadcrumb\":{\"@id\":\"https:\/\/www.villaorh-istria.com\/contact\/#breadcrumb\"},\"inLanguage\":\"de\",\"potentialAction\":[{\"@type\":\"ReadAction\",\"target\":[\"https:\/\/www.villaorh-istria.com\/contact\/\"]}]},{\"@type\":\"ImageObject\",\"inLanguage\":\"de\",\"@id\":\"https:\/\/www.villaorh-istria.com\/contact\/#primaryimage\",\"url\":\"https:\/\/www.villaorh-istria.com\/wp-content\/uploads\/2016\/05\/Villa-Orh-Rovinj-Croatia-constact-us-3.jpg\",\"contentUrl\":\"https:\/\/www.villaorh-istria.com\/wp-content\/uploads\/2016\/05\/Villa-Orh-Rovinj-Croatia-constact-us-3.jpg\",\"width\":1000,\"height\":800,\"caption\":\"Villa Orh - Rovinj Kroatien kontakt\"},{\"@type\":\"BreadcrumbList\",\"@id\":\"https:\/\/www.villaorh-istria.com\/contact\/#breadcrumb\",\"itemListElement\":[{\"@type\":\"ListItem\",\"position\":1,\"name\":\"Home\",\"item\":\"https:\/\/www.villaorh-istria.com\/\"},{\"@type\":\"ListItem\",\"position\":2,\"name\":\"Kontakt\"}]},{\"@type\":\"WebSite\",\"@id\":\"https:\/\/www.villaorh-istria.com\/#website\",\"url\":\"https:\/\/www.villaorh-istria.com\/\",\"name\":\"Villa Orh\",\"description\":\"Luxury villa in the old town of Rovinj\",\"publisher\":{\"@id\":\"https:\/\/www.villaorh-istria.com\/#organization\"},\"potentialAction\":[{\"@type\":\"SearchAction\",\"target\":{\"@type\":\"EntryPoint\",\"urlTemplate\":\"https:\/\/www.villaorh-istria.com\/?s={search_term_string}\"},\"query-input\":\"required name=search_term_string\"}],\"inLanguage\":\"de\"},{\"@type\":\"Organization\",\"@id\":\"https:\/\/www.villaorh-istria.com\/#organization\",\"name\":\"Villa Orh\",\"url\":\"https:\/\/www.villaorh-istria.com\/\",\"logo\":{\"@type\":\"ImageObject\",\"inLanguage\":\"de\",\"@id\":\"https:\/\/www.villaorh-istria.com\/#\/schema\/logo\/image\/\",\"url\":\"https:\/\/www.villaorh-istria.com\/wp-content\/uploads\/2016\/05\/Villa-Orh-Rovinj.png\",\"contentUrl\":\"https:\/\/www.villaorh-istria.com\/wp-content\/uploads\/2016\/05\/Villa-Orh-Rovinj.png\",\"width\":600,\"height\":600,\"caption\":\"Villa Orh\"},\"image\":{\"@id\":\"https:\/\/www.villaorh-istria.com\/#\/schema\/logo\/image\/\"}}]}<\/script>\n<!-- \/ Yoast SEO plugin. -->","yoast_head_json":{"title":"Kontaktiere uns","description":"Falls weitere Informationen \u00fcber Villa Orh in Rovinj und Villa Orh in Pajkovi\u0107i z\u00f6gern Sie nicht, unsere professionellen Mitarbeiter zu kontaktieren. Wir sind f\u00fcr dich da.","robots":{"index":"index","follow":"follow","max-snippet":"max-snippet:-1","max-image-preview":"max-image-preview:large","max-video-preview":"max-video-preview:-1"},"canonical":"https:\/\/www.villaorh-istria.com\/contact\/","og_locale":"de_DE","og_type":"article","og_title":"Kontaktiere uns","og_description":"Falls weitere Informationen \u00fcber Villa Orh in Rovinj und Villa Orh in Pajkovi\u0107i z\u00f6gern Sie nicht, unsere professionellen Mitarbeiter zu kontaktieren. Wir sind f\u00fcr dich da.","og_url":"https:\/\/www.villaorh-istria.com\/contact\/","og_site_name":"Villa Orh","article_modified_time":"2023-07-31T13:01:46+00:00","og_image":[{"width":1000,"height":800,"url":"https:\/\/www.villaorh-istria.com\/wp-content\/uploads\/2016\/05\/Villa-Orh-Rovinj-Croatia-constact-us-3.jpg","type":"image\/jpeg"}],"twitter_card":"summary_large_image","twitter_misc":{"Gesch\u00e4tzte Lesezeit":"2\u00a0Minuten"},"schema":{"@context":"https:\/\/schema.org","@graph":[{"@type":"WebPage","@id":"https:\/\/www.villaorh-istria.com\/contact\/","url":"https:\/\/www.villaorh-istria.com\/contact\/","name":"Kontaktiere uns","isPartOf":{"@id":"https:\/\/www.villaorh-istria.com\/#website"},"primaryImageOfPage":{"@id":"https:\/\/www.villaorh-istria.com\/contact\/#primaryimage"},"image":{"@id":"https:\/\/www.villaorh-istria.com\/contact\/#primaryimage"},"thumbnailUrl":"https:\/\/www.villaorh-istria.com\/wp-content\/uploads\/2016\/05\/Villa-Orh-Rovinj-Croatia-constact-us-3.jpg","datePublished":"2016-05-29T19:19:52+00:00","dateModified":"2023-07-31T13:01:46+00:00","description":"Falls weitere Informationen \u00fcber Villa Orh in Rovinj und Villa Orh in Pajkovi\u0107i z\u00f6gern Sie nicht, unsere professionellen Mitarbeiter zu kontaktieren. Wir sind f\u00fcr dich da.","breadcrumb":{"@id":"https:\/\/www.villaorh-istria.com\/contact\/#breadcrumb"},"inLanguage":"de","potentialAction":[{"@type":"ReadAction","target":["https:\/\/www.villaorh-istria.com\/contact\/"]}]},{"@type":"ImageObject","inLanguage":"de","@id":"https:\/\/www.villaorh-istria.com\/contact\/#primaryimage","url":"https:\/\/www.villaorh-istria.com\/wp-content\/uploads\/2016\/05\/Villa-Orh-Rovinj-Croatia-constact-us-3.jpg","contentUrl":"https:\/\/www.villaorh-istria.com\/wp-content\/uploads\/2016\/05\/Villa-Orh-Rovinj-Croatia-constact-us-3.jpg","width":1000,"height":800,"caption":"Villa Orh - Rovinj Kroatien kontakt"},{"@type":"BreadcrumbList","@id":"https:\/\/www.villaorh-istria.com\/contact\/#breadcrumb","itemListElement":[{"@type":"ListItem","position":1,"name":"Home","item":"https:\/\/www.villaorh-istria.com\/"},{"@type":"ListItem","position":2,"name":"Kontakt"}]},{"@type":"WebSite","@id":"https:\/\/www.villaorh-istria.com\/#website","url":"https:\/\/www.villaorh-istria.com\/","name":"Villa Orh","description":"Luxury villa in the old town of Rovinj","publisher":{"@id":"https:\/\/www.villaorh-istria.com\/#organization"},"potentialAction":[{"@type":"SearchAction","target":{"@type":"EntryPoint","urlTemplate":"https:\/\/www.villaorh-istria.com\/?s={search_term_string}"},"query-input":"required name=search_term_string"}],"inLanguage":"de"},{"@type":"Organization","@id":"https:\/\/www.villaorh-istria.com\/#organization","name":"Villa Orh","url":"https:\/\/www.villaorh-istria.com\/","logo":{"@type":"ImageObject","inLanguage":"de","@id":"https:\/\/www.villaorh-istria.com\/#\/schema\/logo\/image\/","url":"https:\/\/www.villaorh-istria.com\/wp-content\/uploads\/2016\/05\/Villa-Orh-Rovinj.png","contentUrl":"https:\/\/www.villaorh-istria.com\/wp-content\/uploads\/2016\/05\/Villa-Orh-Rovinj.png","width":600,"height":600,"caption":"Villa Orh"},"image":{"@id":"https:\/\/www.villaorh-istria.com\/#\/schema\/logo\/image\/"}}]}},"_links":{"self":[{"href":"https:\/\/www.villaorh-istria.com\/de\/wp-json\/wp\/v2\/pages\/459"}],"collection":[{"href":"https:\/\/www.villaorh-istria.com\/de\/wp-json\/wp\/v2\/pages"}],"about":[{"href":"https:\/\/www.villaorh-istria.com\/de\/wp-json\/wp\/v2\/types\/page"}],"author":[{"embeddable":true,"href":"https:\/\/www.villaorh-istria.com\/de\/wp-json\/wp\/v2\/users\/2"}],"replies":[{"embeddable":true,"href":"https:\/\/www.villaorh-istria.com\/de\/wp-json\/wp\/v2\/comments?post=459"}],"version-history":[{"count":10,"href":"https:\/\/www.villaorh-istria.com\/de\/wp-json\/wp\/v2\/pages\/459\/revisions"}],"predecessor-version":[{"id":2551,"href":"https:\/\/www.villaorh-istria.com\/de\/wp-json\/wp\/v2\/pages\/459\/revisions\/2551"}],"wp:featuredmedia":[{"embeddable":true,"href":"https:\/\/www.villaorh-istria.com\/de\/wp-json\/wp\/v2\/media\/460"}],"wp:attachment":[{"href":"https:\/\/www.villaorh-istria.com\/de\/wp-json\/wp\/v2\/media?parent=459"}],"curies":[{"name":"wp","href":"https:\/\/api.w.org\/{rel}","templated":true}]}}